{"id":730,"date":"2026-01-29T17:56:29","date_gmt":"2026-01-29T17:56:29","guid":{"rendered":"https:\/\/markingdos.com\/?page_id=730"},"modified":"2026-02-16T21:58:01","modified_gmt":"2026-02-16T21:58:01","slug":"servicios","status":"publish","type":"page","link":"https:\/\/markingdos.com\/?page_id=730","title":{"rendered":"Servicios"},"content":{"rendered":"\t<p data-spectra-id=\"spectra-mlplsxgg-6vnew1\"\t\tclass=\"wp-block-spectra-content\">\n\t\tEn Markingdos ofrecemos soluciones integrales de consultor\u00eda administrativa dise\u00f1adas para fortalecer la estructura, eficiencia y rentabilidad de las organizaciones. Nuestro enfoque combina an\u00e1lisis estrat\u00e9gico, optimizaci\u00f3n operativa y acompa\u00f1amiento continuo para garantizar resultados sostenibles.\t<\/p>\n\n\n\n<figure data-spectra-id=\"spectra-mlplwici-h324ns\" class=\"wp-block-image aligncenter size-large is-resized\"><img loading=\"lazy\" decoding=\"async\" width=\"1024\" height=\"1024\" src=\"https:\/\/markingdos.com\/wp-content\/uploads\/2026\/02\/servicios-de-consultoria-administrativa-1024x1024.jpg\" alt=\"servicios de consultoria administrativa\" class=\"wp-image-756\" title=\"Servicios\" srcset=\"https:\/\/markingdos.com\/wp-content\/uploads\/2026\/02\/servicios-de-consultoria-administrativa-1024x1024.jpg 1024w, https:\/\/markingdos.com\/wp-content\/uploads\/2026\/02\/servicios-de-consultoria-administrativa-300x300.jpg 300w, https:\/\/markingdos.com\/wp-content\/uploads\/2026\/02\/servicios-de-consultoria-administrativa-150x150.jpg 150w, https:\/\/markingdos.com\/wp-content\/uploads\/2026\/02\/servicios-de-consultoria-administrativa-768x768.jpg 768w, https:\/\/markingdos.com\/wp-content\/uploads\/2026\/02\/servicios-de-consultoria-administrativa.jpg 1200w\" sizes=\"auto, (max-width: 1024px) 100vw, 1024px\" \/><\/figure>\n\n\n\n<p><\/p>\n\n\n\t<h4 data-spectra-id=\"spectra-mlpnogta-zoqbhc\"\t\tclass=\"wp-block-spectra-content\">\n\t\t1.- Diagn\u00f3stico y Optimizaci\u00f3n de Procesos.\t<\/h4>\n\n\n\t<p data-spectra-id=\"spectra-mlpnp82v-n003fw\"\t\tclass=\"wp-block-spectra-content\">\n\t\tRealizamos un an\u00e1lisis profundo de los procesos internos de la empresa para identificar ineficiencias, cuellos de botella y \u00e1reas de mejora.\t<\/p>\n\n\n\n<ul class=\"wp-block-list\">\n<li><strong>Mapeo y documentaci\u00f3n de procesos.<\/strong><\/li>\n\n\n\n<li><strong>Identificaci\u00f3n de oportunidades de mejora<\/strong><\/li>\n\n\n\n<li><strong>Redise\u00f1o y estandarizaci\u00f3n operativa<\/strong><\/li>\n\n\n\n<li><strong>Implementaci\u00f3n de mejores pr\u00e1cticas administrativas.<\/strong><\/li>\n<\/ul>\n\n\n\n<p>Nuestro objetivo es lograr operaciones m\u00e1s \u00e1giles, productivas y alineadas con la estrategia empresarial.<\/p>\n\n\n\n<figure data-spectra-id=\"spectra-mlpp75sa-hcpyb0\" class=\"wp-block-image size-full\"><img loading=\"lazy\" decoding=\"async\" width=\"711\" height=\"400\" src=\"https:\/\/markingdos.com\/wp-content\/uploads\/2026\/02\/optimizacion-de-procesos.jpg\" alt=\"optimizaci\u00f3n de procesos\" class=\"wp-image-764\" title=\"Servicios\" srcset=\"https:\/\/markingdos.com\/wp-content\/uploads\/2026\/02\/optimizacion-de-procesos.jpg 711w, https:\/\/markingdos.com\/wp-content\/uploads\/2026\/02\/optimizacion-de-procesos-300x169.jpg 300w\" sizes=\"auto, (max-width: 711px) 100vw, 711px\" \/><\/figure>\n\n\n\t<h4 data-spectra-id=\"spectra-mlpp1lzn-oiehop\"\t\tclass=\"wp-block-spectra-content\">\n\t\t2.- Planeaci\u00f3n Estrat\u00e9gica\t<\/h4>\n\n\n\n<p>Ayudamos a las organizaciones de difinir su rumbo con claridad y estructura. Dise\u00f1amos planes estrat\u00e9gicos que conectan la visi\u00f3n empresarial con acciones concretas y medibles.<\/p>\n\n\n\n<ul class=\"wp-block-list\">\n<li><strong>Definici\u00f3n de objetivos estrat\u00e9gicos.<\/strong><\/li>\n\n\n\n<li><strong>An\u00e1lisis FODA<\/strong><\/li>\n\n\n\n<li><strong>Dise\u00f1o de planes de acci\u00f3n.<\/strong><\/li>\n\n\n\n<li><strong>Seguimiento y evaluaci\u00f3n de resultados.<\/strong><\/li>\n<\/ul>\n\n\n\n<p>Trabajamos para que cada decisi\u00f3n est\u00e9 orientada al crecimiento y la sostenibilidad.<\/p>\n\n\n\n<figure data-spectra-id=\"spectra-mlpp9uzg-dzhnkc\" class=\"wp-block-image size-full\"><img loading=\"lazy\" decoding=\"async\" width=\"400\" height=\"265\" src=\"https:\/\/markingdos.com\/wp-content\/uploads\/2026\/02\/estrategica.jpg\" alt=\"estrategica\" class=\"wp-image-765\" title=\"Servicios\" srcset=\"https:\/\/markingdos.com\/wp-content\/uploads\/2026\/02\/estrategica.jpg 400w, https:\/\/markingdos.com\/wp-content\/uploads\/2026\/02\/estrategica-300x199.jpg 300w\" sizes=\"auto, (max-width: 400px) 100vw, 400px\" \/><\/figure>\n\n\n\t<h4 data-spectra-id=\"spectra-mlpp28yx-yt01vi\"\t\tclass=\"wp-block-spectra-content\">\n\t\t3.- Reestructuraci\u00f3n Organizacional.\t<\/h4>\n\n\n\n<p>Acompa\u00f1amos procesos de cambio estructural para mejorar la eficiencia y claridad en la toma de decisiones.<\/p>\n\n\n\n<ul class=\"wp-block-list\">\n<li><strong>Dise\u00f1o y optimizaci\u00f3n de organigramas<\/strong><\/li>\n\n\n\n<li><strong>Definici\u00f3n de roles y responsabilidades<\/strong><\/li>\n\n\n\n<li><strong>Evaluaci\u00f3n de cargas de trabajo<\/strong><\/li>\n\n\n\n<li><strong>Mejora en la comunicaci\u00f3n interna.<\/strong><\/li>\n<\/ul>\n\n\n\n<p>Creamos estructuras organizacionales que favorecen la productividad y el liderazgo efectivo.<\/p>\n\n\n\n<figure data-spectra-id=\"spectra-mlpprubr-ee87t9\" class=\"wp-block-image size-full\"><img loading=\"lazy\" decoding=\"async\" width=\"750\" height=\"514\" src=\"https:\/\/markingdos.com\/wp-content\/uploads\/2026\/02\/reconstrucion-organizacional.jpg\" alt=\"reconstrucion organizacional\" class=\"wp-image-767\" title=\"Servicios\" srcset=\"https:\/\/markingdos.com\/wp-content\/uploads\/2026\/02\/reconstrucion-organizacional.jpg 750w, https:\/\/markingdos.com\/wp-content\/uploads\/2026\/02\/reconstrucion-organizacional-300x206.jpg 300w\" sizes=\"auto, (max-width: 750px) 100vw, 750px\" \/><\/figure>\n\n\n\t<h4 data-spectra-id=\"spectra-mlpp2pdv-wksp9k\"\t\tclass=\"wp-block-spectra-content\">\n\t\t4.- Asesor\u00eda en Toma de Decisiones Gerenciales.\t<\/h4>\n\n\n\n<p>Brindamos acompa\u00f1amiento a directivos y equipos de liderazgo para fortalecer su capacidad de an\u00e1lisis y direcci\u00f3n.<\/p>\n\n\n\n<ul class=\"wp-block-list\">\n<li><strong>Evaluaci\u00f3n de escenarios.<\/strong><\/li>\n\n\n\n<li><strong>An\u00e1lisis financiero-administrativo.<\/strong><\/li>\n\n\n\n<li><strong>Gesti\u00f3n de riesgos<\/strong><\/li>\n\n\n\n<li><strong>Planes de mejora continua.<\/strong><\/li>\n<\/ul>\n\n\n\n<figure data-spectra-id=\"spectra-mlpptkbt-f6704u\" class=\"wp-block-image size-full\"><img loading=\"lazy\" decoding=\"async\" width=\"537\" height=\"571\" src=\"https:\/\/markingdos.com\/wp-content\/uploads\/2026\/02\/toma-de-desiciones.jpg\" alt=\"toma de desiciones\" class=\"wp-image-769\" title=\"Servicios\" srcset=\"https:\/\/markingdos.com\/wp-content\/uploads\/2026\/02\/toma-de-desiciones.jpg 537w, https:\/\/markingdos.com\/wp-content\/uploads\/2026\/02\/toma-de-desiciones-282x300.jpg 282w\" sizes=\"auto, (max-width: 537px) 100vw, 537px\" \/><\/figure>\n\n\n\n<p>Apoyamos desiciones clave con una visi\u00f3n t\u00e9cnica, estrat\u00e9gica y objetiva.<\/p>\n\n\n\n<p><strong>En MARKINGDOS, cada servicio se adapta a la realidad y necesidades especificas de cada cliente. Nuestro compromiso es ofrecer soluciones personalizadas que generen impacto real y medible en la gesti\u00f3n empresarial.<\/strong><\/p>\n","protected":false},"excerpt":{"rendered":"<p>Nuestro objetivo es lograr operaciones m\u00e1s \u00e1giles, productivas y alineadas con la estrategia empresarial. Ayudamos a las organizaciones de difinir su rumbo con claridad y estructura. Dise\u00f1amos planes estrat\u00e9gicos que conectan la visi\u00f3n empresarial con acciones concretas y medibles. Trabajamos para que cada decisi\u00f3n est\u00e9 orientada al crecimiento y la sostenibilidad. Acompa\u00f1amos procesos de cambio [&hellip;]<\/p>\n","protected":false},"author":1,"featured_media":0,"parent":0,"menu_order":0,"comment_status":"closed","ping_status":"closed","template":"","meta":{"_uag_custom_page_level_css":"","site-sidebar-layout":"default","site-content-layout":"","ast-site-content-layout":"default","site-content-style":"default","site-sidebar-style":"default","ast-global-header-display":"","ast-banner-title-visibility":"","ast-main-header-display":"","ast-hfb-above-header-display":"","ast-hfb-below-header-display":"","ast-hfb-mobile-header-display":"","site-post-title":"","ast-breadcrumbs-content":"","ast-featured-img":"","footer-sml-layout":"","ast-disable-related-posts":"","theme-transparent-header-meta":"","adv-header-id-meta":"","stick-header-meta":"","header-above-stick-meta":"","header-main-stick-meta":"","header-below-stick-meta":"","astra-migrate-meta-layouts":"set","ast-page-background-enabled":"default","ast-page-background-meta":{"desktop":{"background-color":"var(--ast-global-color-4)","background-image":"","background-repeat":"repeat","background-position":"center center","background-size":"auto","background-attachment":"scroll","background-type":"","background-media":"","overlay-type":"","overlay-color":"","overlay-opacity":"","overlay-gradient":""},"tablet":{"background-color":"","background-image":"","background-repeat":"repeat","background-position":"center center","background-size":"auto","background-attachment":"scroll","background-type":"","background-media":"","overlay-type":"","overlay-color":"","overlay-opacity":"","overlay-gradient":""},"mobile":{"background-color":"","background-image":"","background-repeat":"repeat","background-position":"center center","background-size":"auto","background-attachment":"scroll","background-type":"","background-media":"","overlay-type":"","overlay-color":"","overlay-opacity":"","overlay-gradient":""}},"ast-content-background-meta":{"desktop":{"background-color":"var(--ast-global-color-5)","background-image":"","background-repeat":"repeat","background-position":"center center","background-size":"auto","background-attachment":"scroll","background-type":"","background-media":"","overlay-type":"","overlay-color":"","overlay-opacity":"","overlay-gradient":""},"tablet":{"background-color":"var(--ast-global-color-5)","background-image":"","background-repeat":"repeat","background-position":"center center","background-size":"auto","background-attachment":"scroll","background-type":"","background-media":"","overlay-type":"","overlay-color":"","overlay-opacity":"","overlay-gradient":""},"mobile":{"background-color":"var(--ast-global-color-5)","background-image":"","background-repeat":"repeat","background-position":"center center","background-size":"auto","background-attachment":"scroll","background-type":"","background-media":"","overlay-type":"","overlay-color":"","overlay-opacity":"","overlay-gradient":""}},"footnotes":""},"class_list":["post-730","page","type-page","status-publish","hentry"],"_hostinger_reach_plugin_has_subscription_block":false,"_hostinger_reach_plugin_is_elementor":false,"uagb_featured_image_src":{"full":false,"thumbnail":false,"medium":false,"medium_large":false,"large":false,"1536x1536":false,"2048x2048":false},"uagb_author_info":{"display_name":"contactomarkingdos@gmail.com","author_link":"https:\/\/markingdos.com\/?author=1"},"uagb_comment_info":0,"uagb_excerpt":"Nuestro objetivo es lograr operaciones m\u00e1s \u00e1giles, productivas y alineadas con la estrategia empresarial. Ayudamos a las organizaciones de difinir su rumbo con claridad y estructura. Dise\u00f1amos planes estrat\u00e9gicos que conectan la visi\u00f3n empresarial con acciones concretas y medibles. Trabajamos para que cada decisi\u00f3n est\u00e9 orientada al crecimiento y la sostenibilidad. Acompa\u00f1amos procesos de cambio&hellip;","_links":{"self":[{"href":"https:\/\/markingdos.com\/index.php?rest_route=\/wp\/v2\/pages\/730","targetHints":{"allow":["GET"]}}],"collection":[{"href":"https:\/\/markingdos.com\/index.php?rest_route=\/wp\/v2\/pages"}],"about":[{"href":"https:\/\/markingdos.com\/index.php?rest_route=\/wp\/v2\/types\/page"}],"author":[{"embeddable":true,"href":"https:\/\/markingdos.com\/index.php?rest_route=\/wp\/v2\/users\/1"}],"replies":[{"embeddable":true,"href":"https:\/\/markingdos.com\/index.php?rest_route=%2Fwp%2Fv2%2Fcomments&post=730"}],"version-history":[{"count":7,"href":"https:\/\/markingdos.com\/index.php?rest_route=\/wp\/v2\/pages\/730\/revisions"}],"predecessor-version":[{"id":770,"href":"https:\/\/markingdos.com\/index.php?rest_route=\/wp\/v2\/pages\/730\/revisions\/770"}],"wp:attachment":[{"href":"https:\/\/markingdos.com\/index.php?rest_route=%2Fwp%2Fv2%2Fmedia&parent=730"}],"curies":[{"name":"wp","href":"https:\/\/api.w.org\/{rel}","templated":true}]}}