{"id":729,"date":"2026-01-29T17:56:01","date_gmt":"2026-01-29T17:56:01","guid":{"rendered":"https:\/\/markingdos.com\/?page_id=729"},"modified":"2026-02-16T19:54:49","modified_gmt":"2026-02-16T19:54:49","slug":"sobre-nosotros","status":"publish","type":"page","link":"https:\/\/markingdos.com\/?page_id=729","title":{"rendered":"Sobre Nosotros"},"content":{"rendered":"\t<p data-spectra-id=\"spectra-mlpj5j6j-t4jlxm\"\t\tclass=\"wp-block-spectra-content\">\n\t\tEn <strong>MARKINGDOS<\/strong> somo un equipo de profesionales apasionados por ayudar a las empresas a optimizar sus procesos y alcanzar su m\u00e1ximo potencial. Nos hemos dedicado a ofrecer soluciones innovadoras y perzonalizadas en el \u00e1mbito de la administraci\u00f3n empresarial, brindadndo asesor\u00eda estrat\u00e9gica y operativa a empresas de todos los tama\u00f1os y sectores.\t<\/p>\n\n\n\t<p data-spectra-id=\"spectra-mlpj9plb-l9i6hz\"\t\tclass=\"wp-block-spectra-content\">\n\t\tNuestro enfoque se centra en la comprensi\u00f3n profunda de las necesidades \u00fanicas de cada cliente, para desarrolar estrategias que no solo mejoren su eficiencia interna, sino que tambi\u00e9n les permitan adaptarse y prosperar en un entorno empresarial en constante cambio.\t<\/p>\n\n\n\t<h3 data-spectra-id=\"spectra-mlpjcavo-w8nc0q\"\t\tclass=\"wp-block-spectra-content\">\n\t\tNuestra Misi\u00f3n\t<\/h3>\n\n\n\t<p data-spectra-id=\"spectra-mlpjcjyd-z49y3i\"\t\tclass=\"wp-block-spectra-content\">\n\t\tNuestra misi\u00f3n es empoderar a las organizaciones con las herramientas, el conocimiento y las estrategias necesarias para alcanzar sus objetivos a corto, medio y largo plazo. A trav\u00e9s de nuestra consultor\u00eda, buscamos ser un socio clave en el crecimiento sostenible de nuestros clientes, ayud\u00e1ndoles a tomar decisiones informadas, gestionar de manera eficiente sus recursos y mejorar su rentabilidad.\t<\/p>\n\n\n\n<figure data-spectra-id=\"spectra-mlpjjzmv-yz99y4\" class=\"wp-block-image size-large\"><img loading=\"lazy\" decoding=\"async\" width=\"1024\" height=\"683\" src=\"https:\/\/markingdos.com\/wp-content\/uploads\/2026\/02\/pexels-photo-3184306-3184306-1024x683.jpg\" alt=\"pexels photo 3184306 3184306\" class=\"wp-image-735\" title=\"Sobre Nosotros\" srcset=\"https:\/\/markingdos.com\/wp-content\/uploads\/2026\/02\/pexels-photo-3184306-3184306-1024x683.jpg 1024w, https:\/\/markingdos.com\/wp-content\/uploads\/2026\/02\/pexels-photo-3184306-3184306-300x200.jpg 300w, https:\/\/markingdos.com\/wp-content\/uploads\/2026\/02\/pexels-photo-3184306-3184306-768x512.jpg 768w\" sizes=\"auto, (max-width: 1024px) 100vw, 1024px\" \/><\/figure>\n\n\n\t<h3 data-spectra-id=\"spectra-mlpldjrs-vs828r\"\t\tclass=\"wp-block-spectra-content\">\n\t\tNuestra Visi\u00f3n\t<\/h3>\n\n\n\n<p>Ser una firma de consultor\u00eda reconocida por transformar la gesti\u00f3n empresarial de nuestros clientes, convirti\u00e9ndonos en un aliado estrat\u00e9gico clave para su desarrollo.<\/p>\n\n\n\n<p>Visualizamos un entorno empresarial donde las organizaciones operen con estructuras s\u00f3lidas, procesos eficientes y una cultura orientada a la mejora continua. Nuestra visi\u00f3n es ser el socio estrat\u00e9gico que impulsa esa transformaci\u00f3n, acompa\u00f1ando a cada cliente en su evoluci\u00f3n hacia modelos de gesti\u00f3n m\u00e1s \u00e1giles, rentables y sostenibles.<\/p>\n\n\n\n<p>Buscamos generar un impacto real en el desarrollo empresarial, promoviendo pr\u00e1cticas administrativas modernas, basadas en datos, planificaci\u00f3n estrat\u00e9gica y toma de decisiones fundamentadas.<\/p>\n\n\n\n<figure data-spectra-id=\"spectra-mlpl0m5u-84lqwy\" class=\"wp-block-image size-full is-resized\"><img loading=\"lazy\" decoding=\"async\" width=\"1000\" height=\"925\" src=\"https:\/\/markingdos.com\/wp-content\/uploads\/2026\/02\/vision-empresarial.jpg\" alt=\"visi\u00f3n empresarial\" class=\"wp-image-751\" title=\"Sobre Nosotros\" srcset=\"https:\/\/markingdos.com\/wp-content\/uploads\/2026\/02\/vision-empresarial.jpg 1000w, https:\/\/markingdos.com\/wp-content\/uploads\/2026\/02\/vision-empresarial-300x278.jpg 300w, https:\/\/markingdos.com\/wp-content\/uploads\/2026\/02\/vision-empresarial-768x710.jpg 768w\" sizes=\"auto, (max-width: 1000px) 100vw, 1000px\" \/><\/figure>\n\n\n\t<h3 data-spectra-id=\"spectra-mlpl4f22-1o7ghr\"\t\tclass=\"wp-block-spectra-content\">\n\t\tNuestros Valores\t<\/h3>\n\n\n\t<p data-spectra-id=\"spectra-mlpl51fx-09p3xl\"\t\tclass=\"wp-block-spectra-content\">\n\t\t<strong>Compromiso:<\/strong> Nos involucramos activamente en cada proyecto.\t<\/p>\n\n\n\t<p data-spectra-id=\"spectra-mlpl5nu9-m7b28q\"\t\tclass=\"wp-block-spectra-content\">\n\t\t<strong>Transparencia:<\/strong> Actuamos con \u00e9tica y claridad en cada recomendaci\u00f3n.\t<\/p>\n\n\n\t<p data-spectra-id=\"spectra-mlpl6id3-tcddgh\"\t\tclass=\"wp-block-spectra-content\">\n\t\t<strong>Excelencia:<\/strong> Buscamos resultados concretos y medibles.\t<\/p>\n\n\n\t<p data-spectra-id=\"spectra-mlpl746n-098psm\"\t\tclass=\"wp-block-spectra-content\">\n\t\t<strong>Innovaci\u00f3n:<\/strong> Aplicamos herramientas y metodolog\u00edas actualizadas.\t<\/p>\n\n\n\t<p data-spectra-id=\"spectra-mlpl7swl-zzj05m\"\t\tclass=\"wp-block-spectra-content\">\n\t\t<strong>Enfoque en resultados:<\/strong> Nuestro trabajo se traduce en mejoras reales.\t<\/p>\n\n\n\n<figure data-spectra-id=\"spectra-mlpla6kk-vghne0\" class=\"wp-block-image size-full is-resized\"><img loading=\"lazy\" decoding=\"async\" width=\"1024\" height=\"1024\" src=\"https:\/\/markingdos.com\/wp-content\/uploads\/2026\/02\/valores.jpg\" alt=\"valores\" class=\"wp-image-752\" title=\"Sobre Nosotros\" srcset=\"https:\/\/markingdos.com\/wp-content\/uploads\/2026\/02\/valores.jpg 1024w, https:\/\/markingdos.com\/wp-content\/uploads\/2026\/02\/valores-300x300.jpg 300w, https:\/\/markingdos.com\/wp-content\/uploads\/2026\/02\/valores-150x150.jpg 150w, https:\/\/markingdos.com\/wp-content\/uploads\/2026\/02\/valores-768x768.jpg 768w\" sizes=\"auto, (max-width: 1024px) 100vw, 1024px\" \/><\/figure>\n","protected":false},"excerpt":{"rendered":"<p>Ser una firma de consultor\u00eda reconocida por transformar la gesti\u00f3n empresarial de nuestros clientes, convirti\u00e9ndonos en un aliado estrat\u00e9gico clave para su desarrollo. Visualizamos un entorno empresarial donde las organizaciones operen con estructuras s\u00f3lidas, procesos eficientes y una cultura orientada a la mejora continua. Nuestra visi\u00f3n es ser el socio estrat\u00e9gico que impulsa esa transformaci\u00f3n, [&hellip;]<\/p>\n","protected":false},"author":1,"featured_media":0,"parent":0,"menu_order":0,"comment_status":"closed","ping_status":"closed","template":"","meta":{"_uag_custom_page_level_css":"","site-sidebar-layout":"default","site-content-layout":"","ast-site-content-layout":"default","site-content-style":"default","site-sidebar-style":"default","ast-global-header-display":"","ast-banner-title-visibility":"","ast-main-header-display":"","ast-hfb-above-header-display":"","ast-hfb-below-header-display":"","ast-hfb-mobile-header-display":"","site-post-title":"","ast-breadcrumbs-content":"","ast-featured-img":"","footer-sml-layout":"","ast-disable-related-posts":"","theme-transparent-header-meta":"","adv-header-id-meta":"","stick-header-meta":"","header-above-stick-meta":"","header-main-stick-meta":"","header-below-stick-meta":"","astra-migrate-meta-layouts":"set","ast-page-background-enabled":"default","ast-page-background-meta":{"desktop":{"background-color":"var(--ast-global-color-4)","background-image":"","background-repeat":"repeat","background-position":"center center","background-size":"auto","background-attachment":"scroll","background-type":"","background-media":"","overlay-type":"","overlay-color":"","overlay-opacity":"","overlay-gradient":""},"tablet":{"background-color":"","background-image":"","background-repeat":"repeat","background-position":"center center","background-size":"auto","background-attachment":"scroll","background-type":"","background-media":"","overlay-type":"","overlay-color":"","overlay-opacity":"","overlay-gradient":""},"mobile":{"background-color":"","background-image":"","background-repeat":"repeat","background-position":"center center","background-size":"auto","background-attachment":"scroll","background-type":"","background-media":"","overlay-type":"","overlay-color":"","overlay-opacity":"","overlay-gradient":""}},"ast-content-background-meta":{"desktop":{"background-color":"var(--ast-global-color-5)","background-image":"","background-repeat":"repeat","background-position":"center center","background-size":"auto","background-attachment":"scroll","background-type":"","background-media":"","overlay-type":"","overlay-color":"","overlay-opacity":"","overlay-gradient":""},"tablet":{"background-color":"var(--ast-global-color-5)","background-image":"","background-repeat":"repeat","background-position":"center center","background-size":"auto","background-attachment":"scroll","background-type":"","background-media":"","overlay-type":"","overlay-color":"","overlay-opacity":"","overlay-gradient":""},"mobile":{"background-color":"var(--ast-global-color-5)","background-image":"","background-repeat":"repeat","background-position":"center center","background-size":"auto","background-attachment":"scroll","background-type":"","background-media":"","overlay-type":"","overlay-color":"","overlay-opacity":"","overlay-gradient":""}},"footnotes":""},"class_list":["post-729","page","type-page","status-publish","hentry"],"_hostinger_reach_plugin_has_subscription_block":false,"_hostinger_reach_plugin_is_elementor":false,"uagb_featured_image_src":{"full":false,"thumbnail":false,"medium":false,"medium_large":false,"large":false,"1536x1536":false,"2048x2048":false},"uagb_author_info":{"display_name":"contactomarkingdos@gmail.com","author_link":"https:\/\/markingdos.com\/?author=1"},"uagb_comment_info":0,"uagb_excerpt":"Ser una firma de consultor\u00eda reconocida por transformar la gesti\u00f3n empresarial de nuestros clientes, convirti\u00e9ndonos en un aliado estrat\u00e9gico clave para su desarrollo. Visualizamos un entorno empresarial donde las organizaciones operen con estructuras s\u00f3lidas, procesos eficientes y una cultura orientada a la mejora continua. Nuestra visi\u00f3n es ser el socio estrat\u00e9gico que impulsa esa transformaci\u00f3n,&hellip;","_links":{"self":[{"href":"https:\/\/markingdos.com\/index.php?rest_route=\/wp\/v2\/pages\/729","targetHints":{"allow":["GET"]}}],"collection":[{"href":"https:\/\/markingdos.com\/index.php?rest_route=\/wp\/v2\/pages"}],"about":[{"href":"https:\/\/markingdos.com\/index.php?rest_route=\/wp\/v2\/types\/page"}],"author":[{"embeddable":true,"href":"https:\/\/markingdos.com\/index.php?rest_route=\/wp\/v2\/users\/1"}],"replies":[{"embeddable":true,"href":"https:\/\/markingdos.com\/index.php?rest_route=%2Fwp%2Fv2%2Fcomments&post=729"}],"version-history":[{"count":4,"href":"https:\/\/markingdos.com\/index.php?rest_route=\/wp\/v2\/pages\/729\/revisions"}],"predecessor-version":[{"id":754,"href":"https:\/\/markingdos.com\/index.php?rest_route=\/wp\/v2\/pages\/729\/revisions\/754"}],"wp:attachment":[{"href":"https:\/\/markingdos.com\/index.php?rest_route=%2Fwp%2Fv2%2Fmedia&parent=729"}],"curies":[{"name":"wp","href":"https:\/\/api.w.org\/{rel}","templated":true}]}}