{"id":681,"date":"2026-01-28T21:57:52","date_gmt":"2026-01-28T21:57:52","guid":{"rendered":"https:\/\/markingdos.com\/landing-page\/"},"modified":"2026-01-29T17:56:34","modified_gmt":"2026-01-29T17:56:34","slug":"landing-page","status":"publish","type":"page","link":"https:\/\/markingdos.com\/","title":{"rendered":"Landing Page"},"content":{"rendered":"<div data-spectra-id=\"ac531e83\"\tstyle=\"overflow: visible; --spectra-background-color: var(--ast-global-color-3); --spectra-overlay-opacity: 1;\" class=\"spectra-is-root-container alignfull spectra-overlay-color spectra-overflow spectra-background-color spectra-dim-ratio wp-block-spectra-container\" data-orientation=\"vertical\"\t>\n\t\n<div data-spectra-id=\"spectra-mglsop0f-4902b4\" style=\"overflow: visible\" class=\"spectra-overlay-color spectra-overflow wp-block-spectra-container\" data-orientation=\"vertical\">\n\t\n<div data-spectra-id=\"f5b6b4b5\" style=\"overflow: visible;--spectra-overlay-opacity: 1\" class=\"spectra-overlay-color spectra-overflow spectra-dim-ratio wp-block-spectra-container\" data-orientation=\"horizontal\">\n\t\n<div data-spectra-id=\"spectra-57a55d71-root\" style=\"overflow: visible\" class=\"spectra-overlay-color spectra-overflow wp-block-spectra-container\" data-orientation=\"vertical\">\n\t\n\t<h1 data-spectra-id=\"spectra-57a55d71-heading\" style=\"color:#efefef\" class=\"has-link-color  wp-elements-e113829ce27d1e68f4bcc1f7da1d9b68 wp-block-spectra-content has-text-color\">\n\t\tConsultor\u00eda Estrat\u00e9gica\t<\/h1>\n\n\n\t<h3 data-spectra-id=\"spectra-57a55d71-desc\" style=\"color:#efefef\" class=\"has-link-color  wp-elements-f8b98f313eebbabe9ce94f7a12679d59 wp-block-spectra-content has-text-color\">\n\t\t&#8220;Tu aliado estrat\u00e9gico en cada decisi\u00f3n.&#8221;\t<\/h3>\n\n<\/div>\n\n<\/div>\n\n\n<div data-spectra-id=\"spectra-mglsop22-cw1p5x\" style=\"overflow: visible\" class=\"spectra-overlay-color spectra-overflow wp-block-spectra-container\" data-orientation=\"vertical\">\n\t\n\n<figure data-spectra-id=\"5833f8c4\" class=\"wp-block-image size-full has-custom-border is-style-default\"><img loading=\"lazy\" decoding=\"async\" width=\"1199\" height=\"800\" src=\"https:\/\/markingdos.com\/wp-content\/uploads\/2026\/01\/1.jpg\" alt=\"1\" class=\"has-border-color wp-image-699\" title=\"Landing Page\" srcset=\"https:\/\/markingdos.com\/wp-content\/uploads\/2026\/01\/1.jpg 1199w, https:\/\/markingdos.com\/wp-content\/uploads\/2026\/01\/1-300x200.jpg 300w, https:\/\/markingdos.com\/wp-content\/uploads\/2026\/01\/1-1024x683.jpg 1024w, https:\/\/markingdos.com\/wp-content\/uploads\/2026\/01\/1-768x512.jpg 768w\" sizes=\"auto, (max-width: 1199px) 100vw, 1199px\" \/><\/figure>\n\n<\/div>\n\n\n<div data-spectra-id=\"44739feb\" style=\"overflow: visible;--spectra-overlay-opacity: 1\" class=\"spectra-overlay-color spectra-overflow spectra-dim-ratio wp-block-spectra-container\" data-orientation=\"horizontal\">\n\t\n<div data-spectra-id=\"spectra-9213daa2-root\" style=\"overflow: visible\" class=\"spectra-overlay-color spectra-overflow wp-block-spectra-container\" data-orientation=\"vertical\">\n\t\n\t<p data-spectra-id=\"spectra-9213daa2-title\" class=\"wp-block-spectra-content\">\n\t\t<strong>Are your designs the best? You may. But a design is the best only when it matches your client\u2019s needs and brings more customers. Let us work on this together.<\/strong>\t<\/p>\n\n<\/div>\n\n<\/div>\n\n<\/div>\n\n\n\n<p class=\"has-text-color has-link-color wp-elements-e2b03d5ffdfd34bf2a145d5af6ac4a62\" style=\"color:#eeffee\">Bienvenidos a Markingdos. <\/p>\n\n\n\n<p class=\"has-text-color has-link-color wp-elements-dae40d5962c7c5579b6b2cddd28b53cf\" style=\"color:#eeffee\">En MARKINGDOS nos dedicamos a ofrecer soluciones estrat\u00e9gicas y personalizadas en el \u00e1mbito de la consultor\u00eda en administraci\u00f3n, cient\u00edfica y t\u00e9cnica a nivel empresarial. Nuestro enfoque multidiciplinario nos permite asistir a organizaciones de diferentes sectores para mejorar su desempe\u00f1o, optimizar procesos y fomentar la innovaci\u00f3n.<\/p>\n\n\n\n<p class=\"has-text-color has-link-color wp-elements-893bf7285f939eb2eedbe265bfd33ac3\" style=\"color:#eeffee\">Contamos con un equipo de expertos con vasta experiencia en cada una de nuestras \u00e1reas de consultor\u00eda, trabajando siempre con el compromiso de generar valor y resultados sostenibles para nuestro clientes. <\/p>\n\n\n\n<p class=\"has-text-color has-link-color wp-elements-fb47b3487687fcf298fe516ce0f9682d\" style=\"color:#eeffee\">\u00bfPor qu\u00e9 elegirnos? <\/p>\n\n\n\n<ul class=\"wp-block-list\">\n<li class=\"has-ast-global-color-4-color has-text-color has-link-color wp-elements-e29dcbaf462211784c9c16a374a906ea\">Experiencia comprobada : M\u00e1s de 10 a\u00f1os ofreciendo soluciones efectivas.<\/li>\n\n\n\n<li class=\"has-ast-global-color-4-color has-text-color has-link-color wp-elements-1812cf15836e68bbe4117820df4c7280\">Enfoque personalizado : Cada cliente es \u00fanico, adaptamos nuestras estrategias a sus necesidades.<\/li>\n\n\n\n<li class=\"has-ast-global-color-4-color has-text-color has-link-color wp-elements-344ce3348d0dc2b79fe19dd5d063e174\">Equipo multidisisciplinario : Especialistas en administraci\u00f3n, ciencia y tecnolog\u00eda trabajando en conjunto para garantizar un resultado integral.<\/li>\n\n\n\n<li><\/li>\n<\/ul>\n\n\n\t<p data-spectra-id=\"spectra-mkynok6h-eqj1wf\" style=\"--spectra-text-color: ast-global-color-4\" class=\"has-text-color has-link-color spectra-text-color wp-elements-a10ee79cd245b4dd8bd257ddbb33db02 wp-block-spectra-content has-text-color has-ast-global-color-4-color\">\n\t\t\u00a1Descubre c\u00f3mo podemos ayudarte a transformar tu negocio!\t<\/p>\n\n\n\n<p>\u00bf<\/p>\n\n<\/div>\n\n\n<div data-spectra-id=\"b64cfa1b\"\tstyle=\"overflow: visible; --spectra-overlay-opacity: 1;\" class=\"spectra-is-root-container alignfull spectra-overlay-color spectra-overflow spectra-dim-ratio wp-block-spectra-container\" id=\"speakers\" data-orientation=\"vertical\"\t>\n\t<\/div>\n\n\n<div data-spectra-id=\"spectra-bc513a62\"\tstyle=\"overflow: visible; --spectra-background-color: var(--ast-global-color-4); --spectra-overlay-opacity: 1;\" class=\"spectra-is-root-container alignfull spectra-overlay-color spectra-overflow spectra-background-color spectra-dim-ratio wp-block-spectra-container\" id=\"organisers\" data-orientation=\"vertical\"\t>\n\t\n<div data-spectra-id=\"spectra-mgm1x2hr-m0vhwo\" style=\"overflow: visible\" class=\"spectra-overlay-color spectra-overflow wp-block-spectra-container\" data-orientation=\"vertical\">\n\t\n<div data-spectra-id=\"spectra-mgm1x2jn-4m9oxp\" style=\"overflow: visible\" class=\"spectra-overlay-color spectra-overflow wp-block-spectra-container\" data-orientation=\"vertical\">\n\t\n\n<figure data-spectra-id=\"95b95b20\" class=\"wp-block-image size-full is-resized uag-image-156 uagb-block-95b95b20 wp-block-uagb-image--layout-default wp-block-uagb-image--effect-static wp-block-uagb-image--align-none\"><img loading=\"lazy\" decoding=\"async\" width=\"1024\" height=\"1024\" src=\"https:\/\/markingdos.com\/wp-content\/uploads\/2026\/01\/3.jpg\" alt=\"3\" class=\"wp-image-716\" title=\"Landing Page\" srcset=\"https:\/\/markingdos.com\/wp-content\/uploads\/2026\/01\/3.jpg 1024w, https:\/\/markingdos.com\/wp-content\/uploads\/2026\/01\/3-300x300.jpg 300w, https:\/\/markingdos.com\/wp-content\/uploads\/2026\/01\/3-150x150.jpg 150w, https:\/\/markingdos.com\/wp-content\/uploads\/2026\/01\/3-768x768.jpg 768w\" sizes=\"auto, (max-width: 1024px) 100vw, 1024px\" \/><\/figure>\n\n<\/div>\n\n\n<div data-spectra-id=\"spectra-8b49a071-root\" style=\"overflow: visible\" class=\"spectra-overlay-color spectra-overflow wp-block-spectra-container\" data-orientation=\"vertical\">\n\t\n\t<h2 data-spectra-id=\"spectra-8b49a071-title\" class=\"wp-block-spectra-content\">\n\t\t&#8220;Consultor\u00eda con impacto&#8221;\t<\/h2>\n\n\n\t<p data-spectra-id=\"spectra-8b49a071-desc\" class=\"wp-block-spectra-content\">\n\t\tLa meta de nuestra empresa es convertirnos en un aliado estrat\u00e9gico para las organizaciones, acompa\u00f1andolas en la toma de decisiones clave y en la mejora continua de su gesti\u00f3n. Nuestro objetivo principal es brindar servicios de consultor\u00eda administrativa que permitan optimizar procesos, fortalecer la estructura organizacional y mejorar el desempe\u00f1o operativo y financiero de nuestros clientes. A trav\u00e9s de un enfoque perzonalizado, basado en el an\u00e1lisis, la planificaci\u00f3n y la implementaci\u00f3n de soluciones pr\u00e1cticas, buscamos generar valor sostenible y contribuir al crecimiento y la competitividad de cada organizaci\u00f3n con la que trabajamos.\t<\/p>\n\n<\/div>\n\n<\/div>\n\n<\/div>\n","protected":false},"excerpt":{"rendered":"","protected":false},"author":1,"featured_media":0,"parent":0,"menu_order":0,"comment_status":"closed","ping_status":"closed","template":"","meta":{"_uag_custom_page_level_css":"","site-sidebar-layout":"no-sidebar","site-content-layout":"plain-container","ast-site-content-layout":"normal-width-container","site-content-style":"unboxed","site-sidebar-style":"unboxed","ast-global-header-display":"","ast-banner-title-visibility":"","ast-main-header-display":"","ast-hfb-above-header-display":"","ast-hfb-below-header-display":"","ast-hfb-mobile-header-display":"","site-post-title":"disabled","ast-breadcrumbs-content":"","ast-featured-img":"disabled","footer-sml-layout":"","ast-disable-related-posts":"","theme-transparent-header-meta":"default","adv-header-id-meta":"","stick-header-meta":"","header-above-stick-meta":"","header-main-stick-meta":"","header-below-stick-meta":"","astra-migrate-meta-layouts":"set","ast-page-background-enabled":"default","ast-page-background-meta":{"desktop":{"background-color":"var(--ast-global-color-4)","background-image":"","background-repeat":"repeat","background-position":"center center","background-size":"auto","background-attachment":"scroll","background-type":"","background-media":"","overlay-type":"","overlay-color":"","overlay-opacity":"","overlay-gradient":""},"tablet":{"background-color":"","background-image":"","background-repeat":"repeat","background-position":"center center","background-size":"auto","background-attachment":"scroll","background-type":"","background-media":"","overlay-type":"","overlay-color":"","overlay-opacity":"","overlay-gradient":""},"mobile":{"background-color":"","background-image":"","background-repeat":"repeat","background-position":"center center","background-size":"auto","background-attachment":"scroll","background-type":"","background-media":"","overlay-type":"","overlay-color":"","overlay-opacity":"","overlay-gradient":""}},"ast-content-background-meta":{"desktop":{"background-color":"var(--ast-global-color-5)","background-image":"","background-repeat":"repeat","background-position":"center center","background-size":"auto","background-attachment":"scroll","background-type":"","background-media":"","overlay-type":"","overlay-color":"","overlay-opacity":"","overlay-gradient":""},"tablet":{"background-color":"var(--ast-global-color-5)","background-image":"","background-repeat":"repeat","background-position":"center center","background-size":"auto","background-attachment":"scroll","background-type":"","background-media":"","overlay-type":"","overlay-color":"","overlay-opacity":"","overlay-gradient":""},"mobile":{"background-color":"var(--ast-global-color-5)","background-image":"","background-repeat":"repeat","background-position":"center center","background-size":"auto","background-attachment":"scroll","background-type":"","background-media":"","overlay-type":"","overlay-color":"","overlay-opacity":"","overlay-gradient":""}},"footnotes":""},"class_list":["post-681","page","type-page","status-publish","hentry"],"_hostinger_reach_plugin_has_subscription_block":false,"_hostinger_reach_plugin_is_elementor":false,"uagb_featured_image_src":{"full":false,"thumbnail":false,"medium":false,"medium_large":false,"large":false,"1536x1536":false,"2048x2048":false},"uagb_author_info":{"display_name":"contactomarkingdos@gmail.com","author_link":"https:\/\/markingdos.com\/?author=1"},"uagb_comment_info":0,"uagb_excerpt":null,"_links":{"self":[{"href":"https:\/\/markingdos.com\/index.php?rest_route=\/wp\/v2\/pages\/681","targetHints":{"allow":["GET"]}}],"collection":[{"href":"https:\/\/markingdos.com\/index.php?rest_route=\/wp\/v2\/pages"}],"about":[{"href":"https:\/\/markingdos.com\/index.php?rest_route=\/wp\/v2\/types\/page"}],"author":[{"embeddable":true,"href":"https:\/\/markingdos.com\/index.php?rest_route=\/wp\/v2\/users\/1"}],"replies":[{"embeddable":true,"href":"https:\/\/markingdos.com\/index.php?rest_route=%2Fwp%2Fv2%2Fcomments&post=681"}],"version-history":[{"count":14,"href":"https:\/\/markingdos.com\/index.php?rest_route=\/wp\/v2\/pages\/681\/revisions"}],"predecessor-version":[{"id":723,"href":"https:\/\/markingdos.com\/index.php?rest_route=\/wp\/v2\/pages\/681\/revisions\/723"}],"wp:attachment":[{"href":"https:\/\/markingdos.com\/index.php?rest_route=%2Fwp%2Fv2%2Fmedia&parent=681"}],"curies":[{"name":"wp","href":"https:\/\/api.w.org\/{rel}","templated":true}]}}